{"id":35762,"date":"2024-08-22T12:40:15","date_gmt":"2024-08-22T17:40:15","guid":{"rendered":"https:\/\/elementdebase.com\/?post_type=product&#038;p=35762"},"modified":"2026-02-16T10:41:02","modified_gmt":"2026-02-16T15:41:02","slug":"parterre-baby-laf-2","status":"publish","type":"product","link":"https:\/\/elementdebase.com\/en\/products\/parterre-baby-laf-2\/","title":{"rendered":"Parterre baby LAF"},"content":{"rendered":"","protected":false},"excerpt":{"rendered":"<p>NEW! Mot d&#8217;ordre : le canap\u00e9 comme terrain de jeu. Exit toute notion d&#8217;ergonomie standard ou de ratio du sol aux genoux. Voici un canap\u00e9 o\u00f9 il n&#8217;y a pas de r\u00e8gles concernant les poses corporelles. Le verbe s&#8217;asseoir ne suffit pas \u00e0 d\u00e9crire les comportements en jeu. Les termes allonger, renverser, retourner, inverser, flotter, ou torsader conviennent davantage au Parterre. Pos\u00e9s directement sur le sol, les structures \u00e0 plusieurs niveaux rendent ce sectional beaucoup plus dynamique, dans l&#8217;esprit d&#8217;une salle de th\u00e9\u00e2tre avec plusieurs niveaux d&#8217;assise. Six coussins surdimensionn\u00e9s sont inclus pour plus de plaisir et de confort. \u00c0 disposer en toute libert\u00e9.<\/p>\n","protected":false},"featured_media":39779,"template":"","meta":{"om_disable_all_campaigns":false,"_mi_skip_tracking":false},"product_brand":[],"product_cat":[146,111],"product_tag":[],"class_list":{"0":"post-35762","1":"product","2":"type-product","3":"status-publish","4":"has-post-thumbnail","6":"product_cat-sectionnels","7":"product_cat-meridienne-gauche","8":"product_shipping_class-meubles-accessoires","10":"first","11":"onbackorder","12":"taxable","13":"shipping-taxable","14":"purchasable","15":"product-type-variable"},"translation":{"provider":"WPGlobus","version":"2.12.2","language":"en","enabled_languages":["fr","en"],"languages":{"fr":{"title":true,"content":false,"excerpt":true},"en":{"title":true,"content":false,"excerpt":true}}},"acf":[],"aioseo_notices":[],"_links":{"self":[{"href":"https:\/\/elementdebase.com\/en\/wp-json\/wp\/v2\/product\/35762","targetHints":{"allow":["GET"]}}],"collection":[{"href":"https:\/\/elementdebase.com\/en\/wp-json\/wp\/v2\/product"}],"about":[{"href":"https:\/\/elementdebase.com\/en\/wp-json\/wp\/v2\/types\/product"}],"wp:featuredmedia":[{"embeddable":true,"href":"https:\/\/elementdebase.com\/en\/wp-json\/wp\/v2\/media\/39779"}],"wp:attachment":[{"href":"https:\/\/elementdebase.com\/en\/wp-json\/wp\/v2\/media?parent=35762"}],"wp:term":[{"taxonomy":"product_brand","embeddable":true,"href":"https:\/\/elementdebase.com\/en\/wp-json\/wp\/v2\/product_brand?post=35762"},{"taxonomy":"product_cat","embeddable":true,"href":"https:\/\/elementdebase.com\/en\/wp-json\/wp\/v2\/product_cat?post=35762"},{"taxonomy":"product_tag","embeddable":true,"href":"https:\/\/elementdebase.com\/en\/wp-json\/wp\/v2\/product_tag?post=35762"}],"curies":[{"name":"wp","href":"https:\/\/api.w.org\/{rel}","templated":true}]}}