{"id":41405,"date":"2026-03-13T14:08:23","date_gmt":"2026-03-13T19:08:23","guid":{"rendered":"https:\/\/elementdebase.com\/?post_type=product&#038;p=41405"},"modified":"2026-03-20T15:15:00","modified_gmt":"2026-03-20T20:15:00","slug":"panorama-croissant","status":"publish","type":"product","link":"https:\/\/elementdebase.com\/en\/products\/panorama-croissant\/","title":{"rendered":"PANORAMA CROISSANT"},"content":{"rendered":"","protected":false},"excerpt":{"rendered":"<p>La force des formes. Le caract\u00e8re distinctif du Panorama r\u00e9side dans la diversit\u00e9 de ses modules. Angles inusit\u00e9s, assises droites et soutenues, structures curvilignes, formes \u00e9l\u00e9mentaires. Id\u00e9al tant dans les contextes r\u00e9sidentiels que commerciaux. Enti\u00e8rement d\u00e9houssable et disponible dans tous les tissus edb.<\/p>\n","protected":false},"featured_media":41418,"template":"","meta":{"om_disable_all_campaigns":false,"_mi_skip_tracking":false},"product_brand":[],"product_cat":[115,39],"product_tag":[],"class_list":{"0":"post-41405","1":"product","2":"type-product","3":"status-publish","4":"has-post-thumbnail","6":"product_cat-2-places","7":"product_cat-modules","8":"product_shipping_class-meubles-accessoires","10":"first","11":"onbackorder","12":"taxable","13":"shipping-taxable","14":"purchasable","15":"product-type-variable"},"translation":{"provider":"WPGlobus","version":"2.12.2","language":"en","enabled_languages":["fr","en"],"languages":{"fr":{"title":true,"content":false,"excerpt":true},"en":{"title":false,"content":false,"excerpt":false}}},"acf":[],"aioseo_notices":[],"_links":{"self":[{"href":"https:\/\/elementdebase.com\/en\/wp-json\/wp\/v2\/product\/41405","targetHints":{"allow":["GET"]}}],"collection":[{"href":"https:\/\/elementdebase.com\/en\/wp-json\/wp\/v2\/product"}],"about":[{"href":"https:\/\/elementdebase.com\/en\/wp-json\/wp\/v2\/types\/product"}],"wp:featuredmedia":[{"embeddable":true,"href":"https:\/\/elementdebase.com\/en\/wp-json\/wp\/v2\/media\/41418"}],"wp:attachment":[{"href":"https:\/\/elementdebase.com\/en\/wp-json\/wp\/v2\/media?parent=41405"}],"wp:term":[{"taxonomy":"product_brand","embeddable":true,"href":"https:\/\/elementdebase.com\/en\/wp-json\/wp\/v2\/product_brand?post=41405"},{"taxonomy":"product_cat","embeddable":true,"href":"https:\/\/elementdebase.com\/en\/wp-json\/wp\/v2\/product_cat?post=41405"},{"taxonomy":"product_tag","embeddable":true,"href":"https:\/\/elementdebase.com\/en\/wp-json\/wp\/v2\/product_tag?post=41405"}],"curies":[{"name":"wp","href":"https:\/\/api.w.org\/{rel}","templated":true}]}}